{"id":772,"date":"2021-03-02T14:39:06","date_gmt":"2021-03-02T13:39:06","guid":{"rendered":"https:\/\/cyber.parssunco.com\/?page_id=772"},"modified":"2021-03-02T14:39:30","modified_gmt":"2021-03-02T13:39:30","slug":"cookie-policy","status":"publish","type":"page","link":"http:\/\/cyberdasein.com\/en\/cookie-policy","title":{"rendered":"Cookie Policy"},"content":{"rendered":"<p>&#8212; English version below &#8212;<\/p>\n<p>Damit Du unsere Webseite und Apps bequem nutzen und die f\u00fcr Dich personalisierten Inhalte sehen kannst, setzen wir mit Deinem Einverst\u00e4ndnis Cookies, Tags, Pixel und \u00e4hnliche Technologien ein.<\/p>\n<p>Damit werden mit Deiner Einwilligung Zugriffe auf unserer Website gemessen und Funktionen f\u00fcr soziale Medien und Marketing umgesetzt. Au\u00dferdem geben wir mit Deiner Einwilligung auch Infos zu Analyse-, Werbe- und Marketingzwecken an unsere Partner und an soziale Netzwerke weiter. Diese Partner k\u00f6nnen die hier erfassten Infos mit weiteren, von Dir mitgeteilten Daten oder mit anderen Infos zusammenf\u00fchren, die durch die Verwendung der Services gesammelt werden.<\/p>\n<p>Zudem setzen wir mit Deinem Einverst\u00e4ndnis auf allen Dir zugeordneten Ger\u00e4ten ein Cookie, das uns erlaubt, die von Dir hier vorgenommenen Einstellungen ger\u00e4te\u00fcbergreifend zu speichern und Dir personalisierte Angebote zu unterbreiten. Welche Ger\u00e4te Dir zugeordnet werden, ergibt sich \u00fcber Deine wiedererkannte IP-Adresse, \u00fcber Dein Login auf unserer Website, oder \u00fcber die Newsletter-Anmeldung.<\/p>\n<p>&#8212;<\/p>\n<p>This site uses cookies &#8211; small text files that are placed on your machine to help the site provide a better user experience. In general, cookies are used to retain user preferences, store information for things like shopping carts, and provide anonymised tracking data to third party applications like Google Analytics. As a rule, cookies will make your browsing experience better. However, you may prefer to disable cookies on this site and on others. The most effective way to do this is to disable cookies in your browser. We suggest consulting the Help section of your browser or taking a look at <a href=\"http:\/\/www.aboutcookies.org\">the About Cookies website<\/a> which offers guidance for all modern browsers<\/p>\n","protected":false},"excerpt":{"rendered":"<p>&#8212; English version below &#8212; Damit Du unsere Webseite und Apps bequem nutzen und die f\u00fcr Dich personalisierten Inhalte sehen kannst, setzen wir mit Deinem Einverst\u00e4ndnis Cookies, Tags, Pixel und \u00e4hnliche Technologien ein. Damit werden mit Deiner Einwilligung Zugriffe auf unserer Website gemessen und Funktionen f\u00fcr soziale Medien und Marketing umgesetzt. Au\u00dferdem geben wir mit [&hellip;]<\/p>\n","protected":false},"author":6,"featured_media":0,"parent":0,"menu_order":0,"comment_status":"closed","ping_status":"closed","template":"","meta":[],"yst_prominent_words":[],"acf":[],"_links":{"self":[{"href":"https:\/\/cyberdasein.com\/en\/wp-json\/wp\/v2\/pages\/772"}],"collection":[{"href":"https:\/\/cyberdasein.com\/en\/wp-json\/wp\/v2\/pages"}],"about":[{"href":"https:\/\/cyberdasein.com\/en\/wp-json\/wp\/v2\/types\/page"}],"author":[{"embeddable":true,"href":"https:\/\/cyberdasein.com\/en\/wp-json\/wp\/v2\/users\/6"}],"replies":[{"embeddable":true,"href":"https:\/\/cyberdasein.com\/en\/wp-json\/wp\/v2\/comments?post=772"}],"version-history":[{"count":1,"href":"https:\/\/cyberdasein.com\/en\/wp-json\/wp\/v2\/pages\/772\/revisions"}],"predecessor-version":[{"id":773,"href":"https:\/\/cyberdasein.com\/en\/wp-json\/wp\/v2\/pages\/772\/revisions\/773"}],"wp:attachment":[{"href":"https:\/\/cyberdasein.com\/en\/wp-json\/wp\/v2\/media?parent=772"}],"wp:term":[{"taxonomy":"yst_prominent_words","embeddable":true,"href":"https:\/\/cyberdasein.com\/en\/wp-json\/wp\/v2\/yst_prominent_words?post=772"}],"curies":[{"name":"wp","href":"https:\/\/api.w.org\/{rel}","templated":true}]}}